{"id":1089,"date":"2022-09-12T14:38:14","date_gmt":"2022-09-12T14:38:14","guid":{"rendered":"https:\/\/ms-ic.cz\/en\/?page_id=1089"},"modified":"2025-12-04T10:39:23","modified_gmt":"2025-12-04T10:39:23","slug":"offices-in-ostrava","status":"publish","type":"page","link":"https:\/\/ms-ic.cz\/en\/offices-in-ostrava\/","title":{"rendered":"Offices in Ostrava"},"content":{"rendered":"","protected":false},"excerpt":{"rendered":"","protected":false},"author":10,"featured_media":760,"parent":0,"menu_order":1,"comment_status":"closed","ping_status":"closed","template":"template-tpark.blade.php","meta":{"inline_featured_image":false,"footnotes":""},"class_list":["post-1089","page","type-page","status-publish","has-post-thumbnail","hentry"],"acf":[],"yoast_head":"<!-- This site is optimized with the Yoast SEO plugin v27.5 - https:\/\/yoast.com\/product\/yoast-seo-wordpress\/ -->\n<title>Offices in Ostrava - MSIC<\/title>\n<meta name=\"description\" content=\"Are you looking for offices for your company in Ostrava? We believe that collaboration, an inspiring environment, and mutual support form the basis of a functioning community.\" \/>\n<meta name=\"robots\" content=\"index, follow, max-snippet:-1, max-image-preview:large, max-video-preview:-1\" \/>\n<link rel=\"canonical\" href=\"https:\/\/ms-ic.cz\/en\/offices-in-ostrava\/\" \/>\n<meta property=\"og:locale\" content=\"en_US\" \/>\n<meta property=\"og:type\" content=\"article\" \/>\n<meta property=\"og:title\" content=\"Offices in Ostrava - MSIC\" \/>\n<meta property=\"og:description\" content=\"Are you looking for offices for your company in Ostrava? We believe that collaboration, an inspiring environment, and mutual support form the basis of a functioning community.\" \/>\n<meta property=\"og:url\" content=\"https:\/\/ms-ic.cz\/en\/offices-in-ostrava\/\" \/>\n<meta property=\"og:site_name\" content=\"MSIC\" \/>\n<meta property=\"article:modified_time\" content=\"2025-12-04T10:39:23+00:00\" \/>\n<meta property=\"og:image\" content=\"https:\/\/ms-ic.cz\/en\/wp-content\/uploads\/2022\/07\/kontakt.jpg\" \/>\n\t<meta property=\"og:image:width\" content=\"1920\" \/>\n\t<meta property=\"og:image:height\" content=\"1029\" \/>\n\t<meta property=\"og:image:type\" content=\"image\/jpeg\" \/>\n<meta name=\"twitter:card\" content=\"summary_large_image\" \/>\n<meta name=\"twitter:label1\" content=\"Est. reading time\" \/>\n\t<meta name=\"twitter:data1\" content=\"1 minute\" \/>\n<script type=\"application\/ld+json\" class=\"yoast-schema-graph\">{\"@context\":\"https:\\\/\\\/schema.org\",\"@graph\":[{\"@type\":\"WebPage\",\"@id\":\"https:\\\/\\\/ms-ic.cz\\\/en\\\/offices-in-ostrava\\\/\",\"url\":\"https:\\\/\\\/ms-ic.cz\\\/en\\\/offices-in-ostrava\\\/\",\"name\":\"Offices in Ostrava - MSIC\",\"isPartOf\":{\"@id\":\"https:\\\/\\\/ms-ic.cz\\\/en\\\/#website\"},\"primaryImageOfPage\":{\"@id\":\"https:\\\/\\\/ms-ic.cz\\\/en\\\/offices-in-ostrava\\\/#primaryimage\"},\"image\":{\"@id\":\"https:\\\/\\\/ms-ic.cz\\\/en\\\/offices-in-ostrava\\\/#primaryimage\"},\"thumbnailUrl\":\"https:\\\/\\\/ms-ic.cz\\\/en\\\/wp-content\\\/uploads\\\/2022\\\/07\\\/kontakt.jpg\",\"datePublished\":\"2022-09-12T14:38:14+00:00\",\"dateModified\":\"2025-12-04T10:39:23+00:00\",\"description\":\"Are you looking for offices for your company in Ostrava? We believe that collaboration, an inspiring environment, and mutual support form the basis of a functioning community.\",\"breadcrumb\":{\"@id\":\"https:\\\/\\\/ms-ic.cz\\\/en\\\/offices-in-ostrava\\\/#breadcrumb\"},\"inLanguage\":\"en-US\",\"potentialAction\":[{\"@type\":\"ReadAction\",\"target\":[\"https:\\\/\\\/ms-ic.cz\\\/en\\\/offices-in-ostrava\\\/\"]}]},{\"@type\":\"ImageObject\",\"inLanguage\":\"en-US\",\"@id\":\"https:\\\/\\\/ms-ic.cz\\\/en\\\/offices-in-ostrava\\\/#primaryimage\",\"url\":\"https:\\\/\\\/ms-ic.cz\\\/en\\\/wp-content\\\/uploads\\\/2022\\\/07\\\/kontakt.jpg\",\"contentUrl\":\"https:\\\/\\\/ms-ic.cz\\\/en\\\/wp-content\\\/uploads\\\/2022\\\/07\\\/kontakt.jpg\",\"width\":1920,\"height\":1029},{\"@type\":\"BreadcrumbList\",\"@id\":\"https:\\\/\\\/ms-ic.cz\\\/en\\\/offices-in-ostrava\\\/#breadcrumb\",\"itemListElement\":[{\"@type\":\"ListItem\",\"position\":1,\"name\":\"MSIC\",\"item\":\"https:\\\/\\\/ms-ic.cz\\\/en\\\/\"},{\"@type\":\"ListItem\",\"position\":2,\"name\":\"Offices in Ostrava\"}]},{\"@type\":\"WebSite\",\"@id\":\"https:\\\/\\\/ms-ic.cz\\\/en\\\/#website\",\"url\":\"https:\\\/\\\/ms-ic.cz\\\/en\\\/\",\"name\":\"MSIC\",\"description\":\"Moravskoslezsk\u00e9 inova\u010dn\u00ed centrum: Podpora podnik\u00e1n\u00ed a inovac\u00ed\",\"potentialAction\":[{\"@type\":\"SearchAction\",\"target\":{\"@type\":\"EntryPoint\",\"urlTemplate\":\"https:\\\/\\\/ms-ic.cz\\\/en\\\/?s={search_term_string}\"},\"query-input\":{\"@type\":\"PropertyValueSpecification\",\"valueRequired\":true,\"valueName\":\"search_term_string\"}}],\"inLanguage\":\"en-US\"}]}<\/script>\n<!-- \/ Yoast SEO plugin. -->","yoast_head_json":{"title":"Offices in Ostrava - MSIC","description":"Are you looking for offices for your company in Ostrava? We believe that collaboration, an inspiring environment, and mutual support form the basis of a functioning community.","robots":{"index":"index","follow":"follow","max-snippet":"max-snippet:-1","max-image-preview":"max-image-preview:large","max-video-preview":"max-video-preview:-1"},"canonical":"https:\/\/ms-ic.cz\/en\/offices-in-ostrava\/","og_locale":"en_US","og_type":"article","og_title":"Offices in Ostrava - MSIC","og_description":"Are you looking for offices for your company in Ostrava? We believe that collaboration, an inspiring environment, and mutual support form the basis of a functioning community.","og_url":"https:\/\/ms-ic.cz\/en\/offices-in-ostrava\/","og_site_name":"MSIC","article_modified_time":"2025-12-04T10:39:23+00:00","og_image":[{"width":1920,"height":1029,"url":"https:\/\/ms-ic.cz\/en\/wp-content\/uploads\/2022\/07\/kontakt.jpg","type":"image\/jpeg"}],"twitter_card":"summary_large_image","twitter_misc":{"Est. reading time":"1 minute"},"schema":{"@context":"https:\/\/schema.org","@graph":[{"@type":"WebPage","@id":"https:\/\/ms-ic.cz\/en\/offices-in-ostrava\/","url":"https:\/\/ms-ic.cz\/en\/offices-in-ostrava\/","name":"Offices in Ostrava - MSIC","isPartOf":{"@id":"https:\/\/ms-ic.cz\/en\/#website"},"primaryImageOfPage":{"@id":"https:\/\/ms-ic.cz\/en\/offices-in-ostrava\/#primaryimage"},"image":{"@id":"https:\/\/ms-ic.cz\/en\/offices-in-ostrava\/#primaryimage"},"thumbnailUrl":"https:\/\/ms-ic.cz\/en\/wp-content\/uploads\/2022\/07\/kontakt.jpg","datePublished":"2022-09-12T14:38:14+00:00","dateModified":"2025-12-04T10:39:23+00:00","description":"Are you looking for offices for your company in Ostrava? We believe that collaboration, an inspiring environment, and mutual support form the basis of a functioning community.","breadcrumb":{"@id":"https:\/\/ms-ic.cz\/en\/offices-in-ostrava\/#breadcrumb"},"inLanguage":"en-US","potentialAction":[{"@type":"ReadAction","target":["https:\/\/ms-ic.cz\/en\/offices-in-ostrava\/"]}]},{"@type":"ImageObject","inLanguage":"en-US","@id":"https:\/\/ms-ic.cz\/en\/offices-in-ostrava\/#primaryimage","url":"https:\/\/ms-ic.cz\/en\/wp-content\/uploads\/2022\/07\/kontakt.jpg","contentUrl":"https:\/\/ms-ic.cz\/en\/wp-content\/uploads\/2022\/07\/kontakt.jpg","width":1920,"height":1029},{"@type":"BreadcrumbList","@id":"https:\/\/ms-ic.cz\/en\/offices-in-ostrava\/#breadcrumb","itemListElement":[{"@type":"ListItem","position":1,"name":"MSIC","item":"https:\/\/ms-ic.cz\/en\/"},{"@type":"ListItem","position":2,"name":"Offices in Ostrava"}]},{"@type":"WebSite","@id":"https:\/\/ms-ic.cz\/en\/#website","url":"https:\/\/ms-ic.cz\/en\/","name":"MSIC","description":"Moravskoslezsk\u00e9 inova\u010dn\u00ed centrum: Podpora podnik\u00e1n\u00ed a inovac\u00ed","potentialAction":[{"@type":"SearchAction","target":{"@type":"EntryPoint","urlTemplate":"https:\/\/ms-ic.cz\/en\/?s={search_term_string}"},"query-input":{"@type":"PropertyValueSpecification","valueRequired":true,"valueName":"search_term_string"}}],"inLanguage":"en-US"}]}},"_links":{"self":[{"href":"https:\/\/ms-ic.cz\/en\/wp-json\/wp\/v2\/pages\/1089","targetHints":{"allow":["GET"]}}],"collection":[{"href":"https:\/\/ms-ic.cz\/en\/wp-json\/wp\/v2\/pages"}],"about":[{"href":"https:\/\/ms-ic.cz\/en\/wp-json\/wp\/v2\/types\/page"}],"author":[{"embeddable":true,"href":"https:\/\/ms-ic.cz\/en\/wp-json\/wp\/v2\/users\/10"}],"replies":[{"embeddable":true,"href":"https:\/\/ms-ic.cz\/en\/wp-json\/wp\/v2\/comments?post=1089"}],"version-history":[{"count":15,"href":"https:\/\/ms-ic.cz\/en\/wp-json\/wp\/v2\/pages\/1089\/revisions"}],"predecessor-version":[{"id":3586,"href":"https:\/\/ms-ic.cz\/en\/wp-json\/wp\/v2\/pages\/1089\/revisions\/3586"}],"wp:featuredmedia":[{"embeddable":true,"href":"https:\/\/ms-ic.cz\/en\/wp-json\/wp\/v2\/media\/760"}],"wp:attachment":[{"href":"https:\/\/ms-ic.cz\/en\/wp-json\/wp\/v2\/media?parent=1089"}],"curies":[{"name":"wp","href":"https:\/\/api.w.org\/{rel}","templated":true}]}}