{"id":2104,"date":"2023-03-22T14:12:49","date_gmt":"2023-03-22T14:12:49","guid":{"rendered":"https:\/\/ms-ic.cz\/en\/?page_id=2104"},"modified":"2024-04-03T08:40:55","modified_gmt":"2024-04-03T08:40:55","slug":"newsletter","status":"publish","type":"page","link":"https:\/\/ms-ic.cz\/en\/newsletter\/","title":{"rendered":""},"content":{"rendered":"\n<p><\/p>\n\n\n\n<p><\/p>\n\n\n\n<p><\/p>\n\n\n\n<p><\/p>\n\n\n\n<br>\n<br>\n<br><br>\n\n<!-- Begin Mailchimp Signup Form -->\n<link href=\"\/\/cdn-images.mailchimp.com\/embedcode\/classic-071822.css\" rel=\"stylesheet\" type=\"text\/css\">\n<style type=\"text\/css\">\n\t#mc_embed_signup{background:#fff; clear:left; font:14px Helvetica,Arial,sans-serif;  width:600px;}\n\t\/* Add your own Mailchimp form style overrides in your site stylesheet or in this style block.\n\t   We recommend moving this block and the preceding CSS link to the HEAD of your HTML file. *\/\n<\/style>\n<div id=\"mc_embed_signup\">\n    <form action=\"https:\/\/ms-ic.us17.list-manage.com\/subscribe\/post?u=70992258d14332824fe4681b8&amp;id=a397055cd8&amp;f_id=00ce5ae0f0\" method=\"post\" id=\"mc-embedded-subscribe-form\" name=\"mc-embedded-subscribe-form\" class=\"validate\" target=\"_blank\" novalidate>\n        <div id=\"mc_embed_signup_scroll\">\n        <h2>Subscribe our newsletters (in czech language only)<\/h2>\n        <div class=\"indicates-required\"><span class=\"asterisk\">*<\/span> indicates required<\/div>\n<div class=\"mc-field-group\">\n\t<label for=\"mce-EMAIL\">Email  <span class=\"asterisk\">*<\/span>\n<\/label>\n\t<input type=\"email\" value=\"\" name=\"EMAIL\" class=\"required email\" id=\"mce-EMAIL\" required>\n\t<span id=\"mce-EMAIL-HELPERTEXT\" class=\"helper_text\"><\/span>\n<\/div>\n<div class=\"mc-field-group input-group\">\n    <strong>Newsletter <\/strong>\n    <ul><li>\n    <input type=\"checkbox\" value=\"131072\" name=\"group[12966][131072]\" id=\"mce-group[12966]-12966-0\">\n    <label for=\"mce-group[12966]-12966-0\">MSIC novinky<\/label>\n<\/li>\n<li>\n    <input type=\"checkbox\" value=\"65536\" name=\"group[12966][65536]\" id=\"mce-group[12966]-12966-1\">\n    <label for=\"mce-group[12966]-12966-1\">ENVI-Tech<\/label>\n<\/li>\n<li>\n    <input type=\"checkbox\" value=\"262144\" name=\"group[12966][262144]\" id=\"mce-group[12966]-12966-2\">\n    <label for=\"mce-group[12966]-12966-2\">EDIH Ostrava<\/label>\n<\/li>\n<\/ul>\n    <span id=\"mce-group[12966]-HELPERTEXT\" class=\"helper_text\"><\/span>\n<\/div>\n\t<div id=\"mce-responses\" class=\"clear foot\">\n\t\t<div class=\"response\" id=\"mce-error-response\" style=\"display:none\"><\/div>\n\t\t<div class=\"response\" id=\"mce-success-response\" style=\"display:none\"><\/div>\n\t<\/div>    <!-- real people should not fill this in and expect good things - do not remove this or risk form bot signups-->\n    <div style=\"position: absolute; left: -5000px;\" aria-hidden=\"true\"><input type=\"text\" name=\"b_70992258d14332824fe4681b8_a397055cd8\" tabindex=\"-1\" value=\"\"><\/div>\n        <div class=\"optionalParent\">\n            <div class=\"clear foot\">\n                <input type=\"submit\" value=\"Subscribe\" name=\"subscribe\" id=\"mc-embedded-subscribe\" class=\"button\">\n                <p class=\"brandingLogo\"><a href=\"http:\/\/eepurl.com\/ijCHQH\" title=\"Mailchimp - email marketing made easy and fun\"><img decoding=\"async\" src=\"https:\/\/eep.io\/mc-cdn-images\/template_images\/branding_logo_text_dark_dtp.svg\"><\/a><\/p>\n            <\/div>\n        <\/div>\n    <\/div>\n<\/form>\n<\/div>\n<script type='text\/javascript' src='\/\/s3.amazonaws.com\/downloads.mailchimp.com\/js\/mc-validate.js'><\/script><script type='text\/javascript'>(function($) {window.fnames = new Array(); window.ftypes = new Array();fnames[0]='EMAIL';ftypes[0]='email';fnames[1]='JMENO';ftypes[1]='text';fnames[2]='PRIJMENI';ftypes[2]='text';fnames[4]='TELEFON';ftypes[4]='phone';fnames[5]='SOUHLAS';ftypes[5]='date';fnames[7]='MMERGE7';ftypes[7]='date';fnames[3]='ZDROJ';ftypes[3]='text';fnames[6]='SPOLECNOST';ftypes[6]='text'; \/*\n * Translated default messages for the $ validation plugin.\n * Locale: CS\n *\/\n$.extend($.validator.messages, {\n\trequired: \"Tento \u00fadaj je povinn\u00fd.\",\n\tremote: \"Pros\u00edm, opravte tento \u00fadaj.\",\n\temail: \"Pros\u00edm, zadejte platn\u00fd e-mail.\",\n\turl: \"Pros\u00edm, zadejte platn\u00e9 URL.\",\n\tdate: \"Pros\u00edm, zadejte platn\u00e9 datum.\",\n\tdateISO: \"Pros\u00edm, zadejte platn\u00e9 datum (ISO).\",\n\tnumber: \"Pros\u00edm, zadejte \u010d\u00edslo.\",\n\tdigits: \"Pros\u00edm, zad\u00e1vejte pouze \u010d\u00edslice.\",\n\tcreditcard: \"Pros\u00edm, zadejte \u010d\u00edslo kreditn\u00ed karty.\",\n\tequalTo: \"Pros\u00edm, zadejte znovu stejnou hodnotu.\",\n\taccept: \"Pros\u00edm, zadejte soubor se spr\u00e1vnou p\u0159\u00edponou.\",\n\tmaxlength: $.validator.format(\"Pros\u00edm, zadejte nejv\u00edce {0} znak\u016f.\"),\n\tminlength: $.validator.format(\"Pros\u00edm, zadejte nejm\u00e9n\u011b {0} znak\u016f.\"),\n\trangelength: $.validator.format(\"Pros\u00edm, zadejte od {0} do {1} znak\u016f.\"),\n\trange: $.validator.format(\"Pros\u00edm, zadejte hodnotu od {0} do {1}.\"),\n\tmax: $.validator.format(\"Pros\u00edm, zadejte hodnotu men\u0161\u00ed nebo rovnu {0}.\"),\n\tmin: $.validator.format(\"Pros\u00edm, zadejte hodnotu v\u011bt\u0161\u00ed nebo rovnu {0}.\")\n});}(jQuery));var $mcj = jQuery.noConflict(true);<\/script>\n<!--End mc_embed_signup-->\n","protected":false},"excerpt":{"rendered":"<p>Subscribe our newsletters (in czech language only) * indicates required Email * Newsletter MSIC novinky ENVI-Tech EDIH &hellip;<\/p>\n","protected":false},"author":10,"featured_media":0,"parent":0,"menu_order":0,"comment_status":"closed","ping_status":"closed","template":"","meta":{"inline_featured_image":false,"footnotes":""},"class_list":["post-2104","page","type-page","status-publish","hentry"],"acf":[],"yoast_head":"<!-- This site is optimized with the Yoast SEO plugin v27.5 - https:\/\/yoast.com\/product\/yoast-seo-wordpress\/ -->\n<title>- MSIC<\/title>\n<meta name=\"robots\" content=\"index, follow, max-snippet:-1, max-image-preview:large, max-video-preview:-1\" \/>\n<link rel=\"canonical\" href=\"https:\/\/ms-ic.cz\/en\/newsletter\/\" \/>\n<meta property=\"og:locale\" content=\"en_US\" \/>\n<meta property=\"og:type\" content=\"article\" \/>\n<meta property=\"og:title\" content=\"- MSIC\" \/>\n<meta property=\"og:description\" content=\"Subscribe our newsletters (in czech language only) * indicates required Email * Newsletter MSIC novinky ENVI-Tech EDIH &hellip;\" \/>\n<meta property=\"og:url\" content=\"https:\/\/ms-ic.cz\/en\/newsletter\/\" \/>\n<meta property=\"og:site_name\" content=\"MSIC\" \/>\n<meta property=\"article:modified_time\" content=\"2024-04-03T08:40:55+00:00\" \/>\n<meta property=\"og:image\" content=\"https:\/\/eep.io\/mc-cdn-images\/template_images\/branding_logo_text_dark_dtp.svg\" \/>\n<meta name=\"twitter:card\" content=\"summary_large_image\" \/>\n<meta name=\"twitter:label1\" content=\"Est. reading time\" \/>\n\t<meta name=\"twitter:data1\" content=\"1 minute\" \/>\n<script type=\"application\/ld+json\" class=\"yoast-schema-graph\">{\"@context\":\"https:\\\/\\\/schema.org\",\"@graph\":[{\"@type\":\"WebPage\",\"@id\":\"https:\\\/\\\/ms-ic.cz\\\/en\\\/newsletter\\\/\",\"url\":\"https:\\\/\\\/ms-ic.cz\\\/en\\\/newsletter\\\/\",\"name\":\"- MSIC\",\"isPartOf\":{\"@id\":\"https:\\\/\\\/ms-ic.cz\\\/en\\\/#website\"},\"primaryImageOfPage\":{\"@id\":\"https:\\\/\\\/ms-ic.cz\\\/en\\\/newsletter\\\/#primaryimage\"},\"image\":{\"@id\":\"https:\\\/\\\/ms-ic.cz\\\/en\\\/newsletter\\\/#primaryimage\"},\"thumbnailUrl\":\"https:\\\/\\\/eep.io\\\/mc-cdn-images\\\/template_images\\\/branding_logo_text_dark_dtp.svg\",\"datePublished\":\"2023-03-22T14:12:49+00:00\",\"dateModified\":\"2024-04-03T08:40:55+00:00\",\"inLanguage\":\"en-US\",\"potentialAction\":[{\"@type\":\"ReadAction\",\"target\":[\"https:\\\/\\\/ms-ic.cz\\\/en\\\/newsletter\\\/\"]}]},{\"@type\":\"ImageObject\",\"inLanguage\":\"en-US\",\"@id\":\"https:\\\/\\\/ms-ic.cz\\\/en\\\/newsletter\\\/#primaryimage\",\"url\":\"https:\\\/\\\/eep.io\\\/mc-cdn-images\\\/template_images\\\/branding_logo_text_dark_dtp.svg\",\"contentUrl\":\"https:\\\/\\\/eep.io\\\/mc-cdn-images\\\/template_images\\\/branding_logo_text_dark_dtp.svg\"},{\"@type\":\"WebSite\",\"@id\":\"https:\\\/\\\/ms-ic.cz\\\/en\\\/#website\",\"url\":\"https:\\\/\\\/ms-ic.cz\\\/en\\\/\",\"name\":\"MSIC\",\"description\":\"Moravskoslezsk\u00e9 inova\u010dn\u00ed centrum: Podpora podnik\u00e1n\u00ed a inovac\u00ed\",\"potentialAction\":[{\"@type\":\"SearchAction\",\"target\":{\"@type\":\"EntryPoint\",\"urlTemplate\":\"https:\\\/\\\/ms-ic.cz\\\/en\\\/?s={search_term_string}\"},\"query-input\":{\"@type\":\"PropertyValueSpecification\",\"valueRequired\":true,\"valueName\":\"search_term_string\"}}],\"inLanguage\":\"en-US\"}]}<\/script>\n<!-- \/ Yoast SEO plugin. -->","yoast_head_json":{"title":"- MSIC","robots":{"index":"index","follow":"follow","max-snippet":"max-snippet:-1","max-image-preview":"max-image-preview:large","max-video-preview":"max-video-preview:-1"},"canonical":"https:\/\/ms-ic.cz\/en\/newsletter\/","og_locale":"en_US","og_type":"article","og_title":"- MSIC","og_description":"Subscribe our newsletters (in czech language only) * indicates required Email * Newsletter MSIC novinky ENVI-Tech EDIH &hellip;","og_url":"https:\/\/ms-ic.cz\/en\/newsletter\/","og_site_name":"MSIC","article_modified_time":"2024-04-03T08:40:55+00:00","og_image":[{"url":"https:\/\/eep.io\/mc-cdn-images\/template_images\/branding_logo_text_dark_dtp.svg","type":"","width":"","height":""}],"twitter_card":"summary_large_image","twitter_misc":{"Est. reading time":"1 minute"},"schema":{"@context":"https:\/\/schema.org","@graph":[{"@type":"WebPage","@id":"https:\/\/ms-ic.cz\/en\/newsletter\/","url":"https:\/\/ms-ic.cz\/en\/newsletter\/","name":"- MSIC","isPartOf":{"@id":"https:\/\/ms-ic.cz\/en\/#website"},"primaryImageOfPage":{"@id":"https:\/\/ms-ic.cz\/en\/newsletter\/#primaryimage"},"image":{"@id":"https:\/\/ms-ic.cz\/en\/newsletter\/#primaryimage"},"thumbnailUrl":"https:\/\/eep.io\/mc-cdn-images\/template_images\/branding_logo_text_dark_dtp.svg","datePublished":"2023-03-22T14:12:49+00:00","dateModified":"2024-04-03T08:40:55+00:00","inLanguage":"en-US","potentialAction":[{"@type":"ReadAction","target":["https:\/\/ms-ic.cz\/en\/newsletter\/"]}]},{"@type":"ImageObject","inLanguage":"en-US","@id":"https:\/\/ms-ic.cz\/en\/newsletter\/#primaryimage","url":"https:\/\/eep.io\/mc-cdn-images\/template_images\/branding_logo_text_dark_dtp.svg","contentUrl":"https:\/\/eep.io\/mc-cdn-images\/template_images\/branding_logo_text_dark_dtp.svg"},{"@type":"WebSite","@id":"https:\/\/ms-ic.cz\/en\/#website","url":"https:\/\/ms-ic.cz\/en\/","name":"MSIC","description":"Moravskoslezsk\u00e9 inova\u010dn\u00ed centrum: Podpora podnik\u00e1n\u00ed a inovac\u00ed","potentialAction":[{"@type":"SearchAction","target":{"@type":"EntryPoint","urlTemplate":"https:\/\/ms-ic.cz\/en\/?s={search_term_string}"},"query-input":{"@type":"PropertyValueSpecification","valueRequired":true,"valueName":"search_term_string"}}],"inLanguage":"en-US"}]}},"_links":{"self":[{"href":"https:\/\/ms-ic.cz\/en\/wp-json\/wp\/v2\/pages\/2104","targetHints":{"allow":["GET"]}}],"collection":[{"href":"https:\/\/ms-ic.cz\/en\/wp-json\/wp\/v2\/pages"}],"about":[{"href":"https:\/\/ms-ic.cz\/en\/wp-json\/wp\/v2\/types\/page"}],"author":[{"embeddable":true,"href":"https:\/\/ms-ic.cz\/en\/wp-json\/wp\/v2\/users\/10"}],"replies":[{"embeddable":true,"href":"https:\/\/ms-ic.cz\/en\/wp-json\/wp\/v2\/comments?post=2104"}],"version-history":[{"count":9,"href":"https:\/\/ms-ic.cz\/en\/wp-json\/wp\/v2\/pages\/2104\/revisions"}],"predecessor-version":[{"id":2602,"href":"https:\/\/ms-ic.cz\/en\/wp-json\/wp\/v2\/pages\/2104\/revisions\/2602"}],"wp:attachment":[{"href":"https:\/\/ms-ic.cz\/en\/wp-json\/wp\/v2\/media?parent=2104"}],"curies":[{"name":"wp","href":"https:\/\/api.w.org\/{rel}","templated":true}]}}