{"id":725,"date":"2022-07-19T07:50:58","date_gmt":"2022-07-19T07:50:58","guid":{"rendered":"https:\/\/ms-ic.cz\/en\/?page_id=725"},"modified":"2025-09-02T12:42:26","modified_gmt":"2025-09-02T12:42:26","slug":"kancelare-a-coworking","status":"publish","type":"page","link":"https:\/\/ms-ic.cz\/en\/kancelare-a-coworking\/","title":{"rendered":"Offices and coworking"},"content":{"rendered":"","protected":false},"excerpt":{"rendered":"","protected":false},"author":10,"featured_media":727,"parent":0,"menu_order":13,"comment_status":"closed","ping_status":"closed","template":"template-contact.blade.php","meta":{"inline_featured_image":false,"footnotes":""},"class_list":["post-725","page","type-page","status-publish","has-post-thumbnail","hentry"],"acf":[],"yoast_head":"<!-- This site is optimized with the Yoast SEO plugin v27.6 - https:\/\/yoast.com\/product\/yoast-seo-wordpress\/ -->\n<title>Offices and coworking - MSIC<\/title>\n<meta name=\"description\" content=\"Hled\u00e1te pro svou firmu kancel\u00e1\u0159e nebo coworking v Ostrav\u011b? V t\u011bsn\u00e9 bl\u00edzkosti technick\u00e9 univerzity? Chcete b\u00fdt bl\u00edzko inspirativn\u00edch podnikatel\u016f a technologick\u00fdch firem?\" \/>\n<meta name=\"robots\" content=\"index, follow, max-snippet:-1, max-image-preview:large, max-video-preview:-1\" \/>\n<link rel=\"canonical\" href=\"https:\/\/ms-ic.cz\/en\/kancelare-a-coworking\/\" \/>\n<meta property=\"og:locale\" content=\"en_US\" \/>\n<meta property=\"og:type\" content=\"article\" \/>\n<meta property=\"og:title\" content=\"Offices and coworking - MSIC\" \/>\n<meta property=\"og:description\" content=\"Hled\u00e1te pro svou firmu kancel\u00e1\u0159e nebo coworking v Ostrav\u011b? V t\u011bsn\u00e9 bl\u00edzkosti technick\u00e9 univerzity? Chcete b\u00fdt bl\u00edzko inspirativn\u00edch podnikatel\u016f a technologick\u00fdch firem?\" \/>\n<meta property=\"og:url\" content=\"https:\/\/ms-ic.cz\/en\/kancelare-a-coworking\/\" \/>\n<meta property=\"og:site_name\" content=\"MSIC\" \/>\n<meta property=\"article:modified_time\" content=\"2025-09-02T12:42:26+00:00\" \/>\n<meta property=\"og:image\" content=\"https:\/\/ms-ic.cz\/en\/wp-content\/uploads\/2022\/07\/coworking-ostrava-1024x682.png\" \/>\n\t<meta property=\"og:image:width\" content=\"1024\" \/>\n\t<meta property=\"og:image:height\" content=\"682\" \/>\n\t<meta property=\"og:image:type\" content=\"image\/png\" \/>\n<meta name=\"twitter:card\" content=\"summary_large_image\" \/>\n<meta name=\"twitter:label1\" content=\"Est. reading time\" \/>\n\t<meta name=\"twitter:data1\" content=\"1 minute\" \/>\n<script type=\"application\/ld+json\" class=\"yoast-schema-graph\">{\"@context\":\"https:\\\/\\\/schema.org\",\"@graph\":[{\"@type\":\"WebPage\",\"@id\":\"https:\\\/\\\/ms-ic.cz\\\/en\\\/kancelare-a-coworking\\\/\",\"url\":\"https:\\\/\\\/ms-ic.cz\\\/en\\\/kancelare-a-coworking\\\/\",\"name\":\"Offices and coworking - MSIC\",\"isPartOf\":{\"@id\":\"https:\\\/\\\/ms-ic.cz\\\/en\\\/#website\"},\"primaryImageOfPage\":{\"@id\":\"https:\\\/\\\/ms-ic.cz\\\/en\\\/kancelare-a-coworking\\\/#primaryimage\"},\"image\":{\"@id\":\"https:\\\/\\\/ms-ic.cz\\\/en\\\/kancelare-a-coworking\\\/#primaryimage\"},\"thumbnailUrl\":\"https:\\\/\\\/ms-ic.cz\\\/en\\\/wp-content\\\/uploads\\\/2022\\\/07\\\/coworking-ostrava.png\",\"datePublished\":\"2022-07-19T07:50:58+00:00\",\"dateModified\":\"2025-09-02T12:42:26+00:00\",\"description\":\"Hled\u00e1te pro svou firmu kancel\u00e1\u0159e nebo coworking v Ostrav\u011b? V t\u011bsn\u00e9 bl\u00edzkosti technick\u00e9 univerzity? Chcete b\u00fdt bl\u00edzko inspirativn\u00edch podnikatel\u016f a technologick\u00fdch firem?\",\"breadcrumb\":{\"@id\":\"https:\\\/\\\/ms-ic.cz\\\/en\\\/kancelare-a-coworking\\\/#breadcrumb\"},\"inLanguage\":\"en-US\",\"potentialAction\":[{\"@type\":\"ReadAction\",\"target\":[\"https:\\\/\\\/ms-ic.cz\\\/en\\\/kancelare-a-coworking\\\/\"]}]},{\"@type\":\"ImageObject\",\"inLanguage\":\"en-US\",\"@id\":\"https:\\\/\\\/ms-ic.cz\\\/en\\\/kancelare-a-coworking\\\/#primaryimage\",\"url\":\"https:\\\/\\\/ms-ic.cz\\\/en\\\/wp-content\\\/uploads\\\/2022\\\/07\\\/coworking-ostrava.png\",\"contentUrl\":\"https:\\\/\\\/ms-ic.cz\\\/en\\\/wp-content\\\/uploads\\\/2022\\\/07\\\/coworking-ostrava.png\",\"width\":1920,\"height\":1278},{\"@type\":\"BreadcrumbList\",\"@id\":\"https:\\\/\\\/ms-ic.cz\\\/en\\\/kancelare-a-coworking\\\/#breadcrumb\",\"itemListElement\":[{\"@type\":\"ListItem\",\"position\":1,\"name\":\"MSIC\",\"item\":\"https:\\\/\\\/ms-ic.cz\\\/en\\\/\"},{\"@type\":\"ListItem\",\"position\":2,\"name\":\"Offices and coworking\"}]},{\"@type\":\"WebSite\",\"@id\":\"https:\\\/\\\/ms-ic.cz\\\/en\\\/#website\",\"url\":\"https:\\\/\\\/ms-ic.cz\\\/en\\\/\",\"name\":\"MSIC\",\"description\":\"Moravskoslezsk\u00e9 inova\u010dn\u00ed centrum: Podpora podnik\u00e1n\u00ed a inovac\u00ed\",\"potentialAction\":[{\"@type\":\"SearchAction\",\"target\":{\"@type\":\"EntryPoint\",\"urlTemplate\":\"https:\\\/\\\/ms-ic.cz\\\/en\\\/?s={search_term_string}\"},\"query-input\":{\"@type\":\"PropertyValueSpecification\",\"valueRequired\":true,\"valueName\":\"search_term_string\"}}],\"inLanguage\":\"en-US\"}]}<\/script>\n<!-- \/ Yoast SEO plugin. -->","yoast_head_json":{"title":"Offices and coworking - MSIC","description":"Hled\u00e1te pro svou firmu kancel\u00e1\u0159e nebo coworking v Ostrav\u011b? V t\u011bsn\u00e9 bl\u00edzkosti technick\u00e9 univerzity? Chcete b\u00fdt bl\u00edzko inspirativn\u00edch podnikatel\u016f a technologick\u00fdch firem?","robots":{"index":"index","follow":"follow","max-snippet":"max-snippet:-1","max-image-preview":"max-image-preview:large","max-video-preview":"max-video-preview:-1"},"canonical":"https:\/\/ms-ic.cz\/en\/kancelare-a-coworking\/","og_locale":"en_US","og_type":"article","og_title":"Offices and coworking - MSIC","og_description":"Hled\u00e1te pro svou firmu kancel\u00e1\u0159e nebo coworking v Ostrav\u011b? V t\u011bsn\u00e9 bl\u00edzkosti technick\u00e9 univerzity? Chcete b\u00fdt bl\u00edzko inspirativn\u00edch podnikatel\u016f a technologick\u00fdch firem?","og_url":"https:\/\/ms-ic.cz\/en\/kancelare-a-coworking\/","og_site_name":"MSIC","article_modified_time":"2025-09-02T12:42:26+00:00","og_image":[{"width":1024,"height":682,"url":"https:\/\/ms-ic.cz\/en\/wp-content\/uploads\/2022\/07\/coworking-ostrava-1024x682.png","type":"image\/png"}],"twitter_card":"summary_large_image","twitter_misc":{"Est. reading time":"1 minute"},"schema":{"@context":"https:\/\/schema.org","@graph":[{"@type":"WebPage","@id":"https:\/\/ms-ic.cz\/en\/kancelare-a-coworking\/","url":"https:\/\/ms-ic.cz\/en\/kancelare-a-coworking\/","name":"Offices and coworking - MSIC","isPartOf":{"@id":"https:\/\/ms-ic.cz\/en\/#website"},"primaryImageOfPage":{"@id":"https:\/\/ms-ic.cz\/en\/kancelare-a-coworking\/#primaryimage"},"image":{"@id":"https:\/\/ms-ic.cz\/en\/kancelare-a-coworking\/#primaryimage"},"thumbnailUrl":"https:\/\/ms-ic.cz\/en\/wp-content\/uploads\/2022\/07\/coworking-ostrava.png","datePublished":"2022-07-19T07:50:58+00:00","dateModified":"2025-09-02T12:42:26+00:00","description":"Hled\u00e1te pro svou firmu kancel\u00e1\u0159e nebo coworking v Ostrav\u011b? V t\u011bsn\u00e9 bl\u00edzkosti technick\u00e9 univerzity? Chcete b\u00fdt bl\u00edzko inspirativn\u00edch podnikatel\u016f a technologick\u00fdch firem?","breadcrumb":{"@id":"https:\/\/ms-ic.cz\/en\/kancelare-a-coworking\/#breadcrumb"},"inLanguage":"en-US","potentialAction":[{"@type":"ReadAction","target":["https:\/\/ms-ic.cz\/en\/kancelare-a-coworking\/"]}]},{"@type":"ImageObject","inLanguage":"en-US","@id":"https:\/\/ms-ic.cz\/en\/kancelare-a-coworking\/#primaryimage","url":"https:\/\/ms-ic.cz\/en\/wp-content\/uploads\/2022\/07\/coworking-ostrava.png","contentUrl":"https:\/\/ms-ic.cz\/en\/wp-content\/uploads\/2022\/07\/coworking-ostrava.png","width":1920,"height":1278},{"@type":"BreadcrumbList","@id":"https:\/\/ms-ic.cz\/en\/kancelare-a-coworking\/#breadcrumb","itemListElement":[{"@type":"ListItem","position":1,"name":"MSIC","item":"https:\/\/ms-ic.cz\/en\/"},{"@type":"ListItem","position":2,"name":"Offices and coworking"}]},{"@type":"WebSite","@id":"https:\/\/ms-ic.cz\/en\/#website","url":"https:\/\/ms-ic.cz\/en\/","name":"MSIC","description":"Moravskoslezsk\u00e9 inova\u010dn\u00ed centrum: Podpora podnik\u00e1n\u00ed a inovac\u00ed","potentialAction":[{"@type":"SearchAction","target":{"@type":"EntryPoint","urlTemplate":"https:\/\/ms-ic.cz\/en\/?s={search_term_string}"},"query-input":{"@type":"PropertyValueSpecification","valueRequired":true,"valueName":"search_term_string"}}],"inLanguage":"en-US"}]}},"_links":{"self":[{"href":"https:\/\/ms-ic.cz\/en\/wp-json\/wp\/v2\/pages\/725","targetHints":{"allow":["GET"]}}],"collection":[{"href":"https:\/\/ms-ic.cz\/en\/wp-json\/wp\/v2\/pages"}],"about":[{"href":"https:\/\/ms-ic.cz\/en\/wp-json\/wp\/v2\/types\/page"}],"author":[{"embeddable":true,"href":"https:\/\/ms-ic.cz\/en\/wp-json\/wp\/v2\/users\/10"}],"replies":[{"embeddable":true,"href":"https:\/\/ms-ic.cz\/en\/wp-json\/wp\/v2\/comments?post=725"}],"version-history":[{"count":12,"href":"https:\/\/ms-ic.cz\/en\/wp-json\/wp\/v2\/pages\/725\/revisions"}],"predecessor-version":[{"id":3444,"href":"https:\/\/ms-ic.cz\/en\/wp-json\/wp\/v2\/pages\/725\/revisions\/3444"}],"wp:featuredmedia":[{"embeddable":true,"href":"https:\/\/ms-ic.cz\/en\/wp-json\/wp\/v2\/media\/727"}],"wp:attachment":[{"href":"https:\/\/ms-ic.cz\/en\/wp-json\/wp\/v2\/media?parent=725"}],"curies":[{"name":"wp","href":"https:\/\/api.w.org\/{rel}","templated":true}]}}