{"id":992,"date":"2022-09-06T18:10:45","date_gmt":"2022-09-06T18:10:45","guid":{"rendered":"https:\/\/ms-ic.cz\/en\/?page_id=992"},"modified":"2026-04-28T19:48:58","modified_gmt":"2026-04-28T19:48:58","slug":"team","status":"publish","type":"page","link":"https:\/\/ms-ic.cz\/en\/about-msic\/team\/","title":{"rendered":"Our team"},"content":{"rendered":"","protected":false},"excerpt":{"rendered":"","protected":false},"author":1,"featured_media":3576,"parent":995,"menu_order":0,"comment_status":"closed","ping_status":"closed","template":"template-team.blade.php","meta":{"inline_featured_image":false,"footnotes":""},"class_list":["post-992","page","type-page","status-publish","has-post-thumbnail","hentry"],"acf":[],"yoast_head":"<!-- This site is optimized with the Yoast SEO plugin v27.5 - https:\/\/yoast.com\/product\/yoast-seo-wordpress\/ -->\n<title>Our team - MSIC<\/title>\n<meta name=\"robots\" content=\"index, follow, max-snippet:-1, max-image-preview:large, max-video-preview:-1\" \/>\n<link rel=\"canonical\" href=\"https:\/\/ms-ic.cz\/en\/about-msic\/team\/\" \/>\n<meta property=\"og:locale\" content=\"en_US\" \/>\n<meta property=\"og:type\" content=\"article\" \/>\n<meta property=\"og:title\" content=\"Our team - MSIC\" \/>\n<meta property=\"og:url\" content=\"https:\/\/ms-ic.cz\/en\/about-msic\/team\/\" \/>\n<meta property=\"og:site_name\" content=\"MSIC\" \/>\n<meta property=\"article:modified_time\" content=\"2026-04-28T19:48:58+00:00\" \/>\n<meta property=\"og:image\" content=\"https:\/\/ms-ic.cz\/en\/wp-content\/uploads\/2025\/12\/MSIC-maradusek-sharingiscaring-180_websize.jpg\" \/>\n\t<meta property=\"og:image:width\" content=\"1600\" \/>\n\t<meta property=\"og:image:height\" content=\"1067\" \/>\n\t<meta property=\"og:image:type\" content=\"image\/jpeg\" \/>\n<meta name=\"twitter:card\" content=\"summary_large_image\" \/>\n<meta name=\"twitter:label1\" content=\"Est. reading time\" \/>\n\t<meta name=\"twitter:data1\" content=\"1 minute\" \/>\n<script type=\"application\/ld+json\" class=\"yoast-schema-graph\">{\"@context\":\"https:\\\/\\\/schema.org\",\"@graph\":[{\"@type\":\"WebPage\",\"@id\":\"https:\\\/\\\/ms-ic.cz\\\/en\\\/about-msic\\\/team\\\/\",\"url\":\"https:\\\/\\\/ms-ic.cz\\\/en\\\/about-msic\\\/team\\\/\",\"name\":\"Our team - MSIC\",\"isPartOf\":{\"@id\":\"https:\\\/\\\/ms-ic.cz\\\/en\\\/#website\"},\"primaryImageOfPage\":{\"@id\":\"https:\\\/\\\/ms-ic.cz\\\/en\\\/about-msic\\\/team\\\/#primaryimage\"},\"image\":{\"@id\":\"https:\\\/\\\/ms-ic.cz\\\/en\\\/about-msic\\\/team\\\/#primaryimage\"},\"thumbnailUrl\":\"https:\\\/\\\/ms-ic.cz\\\/en\\\/wp-content\\\/uploads\\\/2025\\\/12\\\/MSIC-maradusek-sharingiscaring-180_websize.jpg\",\"datePublished\":\"2022-09-06T18:10:45+00:00\",\"dateModified\":\"2026-04-28T19:48:58+00:00\",\"breadcrumb\":{\"@id\":\"https:\\\/\\\/ms-ic.cz\\\/en\\\/about-msic\\\/team\\\/#breadcrumb\"},\"inLanguage\":\"en-US\",\"potentialAction\":[{\"@type\":\"ReadAction\",\"target\":[\"https:\\\/\\\/ms-ic.cz\\\/en\\\/about-msic\\\/team\\\/\"]}]},{\"@type\":\"ImageObject\",\"inLanguage\":\"en-US\",\"@id\":\"https:\\\/\\\/ms-ic.cz\\\/en\\\/about-msic\\\/team\\\/#primaryimage\",\"url\":\"https:\\\/\\\/ms-ic.cz\\\/en\\\/wp-content\\\/uploads\\\/2025\\\/12\\\/MSIC-maradusek-sharingiscaring-180_websize.jpg\",\"contentUrl\":\"https:\\\/\\\/ms-ic.cz\\\/en\\\/wp-content\\\/uploads\\\/2025\\\/12\\\/MSIC-maradusek-sharingiscaring-180_websize.jpg\",\"width\":1600,\"height\":1067},{\"@type\":\"BreadcrumbList\",\"@id\":\"https:\\\/\\\/ms-ic.cz\\\/en\\\/about-msic\\\/team\\\/#breadcrumb\",\"itemListElement\":[{\"@type\":\"ListItem\",\"position\":1,\"name\":\"MSIC\",\"item\":\"https:\\\/\\\/ms-ic.cz\\\/en\\\/\"},{\"@type\":\"ListItem\",\"position\":2,\"name\":\"About MSIC\",\"item\":\"https:\\\/\\\/ms-ic.cz\\\/en\\\/about-msic\\\/\"},{\"@type\":\"ListItem\",\"position\":3,\"name\":\"Our team\"}]},{\"@type\":\"WebSite\",\"@id\":\"https:\\\/\\\/ms-ic.cz\\\/en\\\/#website\",\"url\":\"https:\\\/\\\/ms-ic.cz\\\/en\\\/\",\"name\":\"MSIC\",\"description\":\"Moravskoslezsk\u00e9 inova\u010dn\u00ed centrum: Podpora podnik\u00e1n\u00ed a inovac\u00ed\",\"potentialAction\":[{\"@type\":\"SearchAction\",\"target\":{\"@type\":\"EntryPoint\",\"urlTemplate\":\"https:\\\/\\\/ms-ic.cz\\\/en\\\/?s={search_term_string}\"},\"query-input\":{\"@type\":\"PropertyValueSpecification\",\"valueRequired\":true,\"valueName\":\"search_term_string\"}}],\"inLanguage\":\"en-US\"}]}<\/script>\n<!-- \/ Yoast SEO plugin. -->","yoast_head_json":{"title":"Our team - MSIC","robots":{"index":"index","follow":"follow","max-snippet":"max-snippet:-1","max-image-preview":"max-image-preview:large","max-video-preview":"max-video-preview:-1"},"canonical":"https:\/\/ms-ic.cz\/en\/about-msic\/team\/","og_locale":"en_US","og_type":"article","og_title":"Our team - MSIC","og_url":"https:\/\/ms-ic.cz\/en\/about-msic\/team\/","og_site_name":"MSIC","article_modified_time":"2026-04-28T19:48:58+00:00","og_image":[{"width":1600,"height":1067,"url":"https:\/\/ms-ic.cz\/en\/wp-content\/uploads\/2025\/12\/MSIC-maradusek-sharingiscaring-180_websize.jpg","type":"image\/jpeg"}],"twitter_card":"summary_large_image","twitter_misc":{"Est. reading time":"1 minute"},"schema":{"@context":"https:\/\/schema.org","@graph":[{"@type":"WebPage","@id":"https:\/\/ms-ic.cz\/en\/about-msic\/team\/","url":"https:\/\/ms-ic.cz\/en\/about-msic\/team\/","name":"Our team - MSIC","isPartOf":{"@id":"https:\/\/ms-ic.cz\/en\/#website"},"primaryImageOfPage":{"@id":"https:\/\/ms-ic.cz\/en\/about-msic\/team\/#primaryimage"},"image":{"@id":"https:\/\/ms-ic.cz\/en\/about-msic\/team\/#primaryimage"},"thumbnailUrl":"https:\/\/ms-ic.cz\/en\/wp-content\/uploads\/2025\/12\/MSIC-maradusek-sharingiscaring-180_websize.jpg","datePublished":"2022-09-06T18:10:45+00:00","dateModified":"2026-04-28T19:48:58+00:00","breadcrumb":{"@id":"https:\/\/ms-ic.cz\/en\/about-msic\/team\/#breadcrumb"},"inLanguage":"en-US","potentialAction":[{"@type":"ReadAction","target":["https:\/\/ms-ic.cz\/en\/about-msic\/team\/"]}]},{"@type":"ImageObject","inLanguage":"en-US","@id":"https:\/\/ms-ic.cz\/en\/about-msic\/team\/#primaryimage","url":"https:\/\/ms-ic.cz\/en\/wp-content\/uploads\/2025\/12\/MSIC-maradusek-sharingiscaring-180_websize.jpg","contentUrl":"https:\/\/ms-ic.cz\/en\/wp-content\/uploads\/2025\/12\/MSIC-maradusek-sharingiscaring-180_websize.jpg","width":1600,"height":1067},{"@type":"BreadcrumbList","@id":"https:\/\/ms-ic.cz\/en\/about-msic\/team\/#breadcrumb","itemListElement":[{"@type":"ListItem","position":1,"name":"MSIC","item":"https:\/\/ms-ic.cz\/en\/"},{"@type":"ListItem","position":2,"name":"About MSIC","item":"https:\/\/ms-ic.cz\/en\/about-msic\/"},{"@type":"ListItem","position":3,"name":"Our team"}]},{"@type":"WebSite","@id":"https:\/\/ms-ic.cz\/en\/#website","url":"https:\/\/ms-ic.cz\/en\/","name":"MSIC","description":"Moravskoslezsk\u00e9 inova\u010dn\u00ed centrum: Podpora podnik\u00e1n\u00ed a inovac\u00ed","potentialAction":[{"@type":"SearchAction","target":{"@type":"EntryPoint","urlTemplate":"https:\/\/ms-ic.cz\/en\/?s={search_term_string}"},"query-input":{"@type":"PropertyValueSpecification","valueRequired":true,"valueName":"search_term_string"}}],"inLanguage":"en-US"}]}},"_links":{"self":[{"href":"https:\/\/ms-ic.cz\/en\/wp-json\/wp\/v2\/pages\/992","targetHints":{"allow":["GET"]}}],"collection":[{"href":"https:\/\/ms-ic.cz\/en\/wp-json\/wp\/v2\/pages"}],"about":[{"href":"https:\/\/ms-ic.cz\/en\/wp-json\/wp\/v2\/types\/page"}],"author":[{"embeddable":true,"href":"https:\/\/ms-ic.cz\/en\/wp-json\/wp\/v2\/users\/1"}],"replies":[{"embeddable":true,"href":"https:\/\/ms-ic.cz\/en\/wp-json\/wp\/v2\/comments?post=992"}],"version-history":[{"count":142,"href":"https:\/\/ms-ic.cz\/en\/wp-json\/wp\/v2\/pages\/992\/revisions"}],"predecessor-version":[{"id":3672,"href":"https:\/\/ms-ic.cz\/en\/wp-json\/wp\/v2\/pages\/992\/revisions\/3672"}],"up":[{"embeddable":true,"href":"https:\/\/ms-ic.cz\/en\/wp-json\/wp\/v2\/pages\/995"}],"wp:featuredmedia":[{"embeddable":true,"href":"https:\/\/ms-ic.cz\/en\/wp-json\/wp\/v2\/media\/3576"}],"wp:attachment":[{"href":"https:\/\/ms-ic.cz\/en\/wp-json\/wp\/v2\/media?parent=992"}],"curies":[{"name":"wp","href":"https:\/\/api.w.org\/{rel}","templated":true}]}}